{"id":1160,"date":"2020-02-27T15:27:06","date_gmt":"2020-02-27T18:27:06","guid":{"rendered":"https:\/\/www.revista-anatomia.com.ar\/?page_id=1160"},"modified":"2025-12-11T18:58:26","modified_gmt":"2025-12-11T21:58:26","slug":"revista-argentina-de-anatomia-online-2","status":"publish","type":"page","link":"https:\/\/www.revista-anatomia.com.ar\/en\/","title":{"rendered":"Inicio"},"content":{"rendered":"<p>[et_pb_section fb_built=\u00bb1&#8243; inner_shadow=\u00bbon\u00bb custom_padding_last_edited=\u00bbon|phone\u00bb _builder_version=\u00bb4.16&#8243; background_image=\u00bbhttps:\/\/www.revista-anatomia.com.ar\/wp-content\/uploads\/2020\/02\/david6.jpg\u00bb background_position=\u00bbtop_right\u00bb custom_padding=\u00bb150px||150px||false|false\u00bb custom_padding_tablet=\u00bb100px||100px||false|false\u00bb custom_padding_phone=\u00bb50px||50px||false|false\u00bb box_shadow_style=\u00bbpreset3&#8243; global_colors_info=\u00bb{}\u00bb][et_pb_row _builder_version=\u00bb4.24.2&#8243; width=\u00bb90%\u00bb width_tablet=\u00bb90%\u00bb width_phone=\u00bb90%\u00bb width_last_edited=\u00bbon|tablet\u00bb module_alignment=\u00bbcenter\u00bb module_alignment_tablet=\u00bbcenter\u00bb module_alignment_phone=\u00bb\u00bb module_alignment_last_edited=\u00bbon|tablet\u00bb global_colors_info=\u00bb{}\u00bb][et_pb_column type=\u00bb4_4&#8243; _builder_version=\u00bb4.16&#8243; global_colors_info=\u00bb{}\u00bb][et_pb_cta title=\u00bbRevista Argentina de Anatom\u00eda Online\u00bb button_text=\u00bbClics\u00bb _builder_version=\u00bb4.25.2&#8243; header_level=\u00bbh1&#8243; header_text_align=\u00bbleft\u00bb header_text_color=\u00bb#ffffff\u00bb header_font_size=\u00bb50px\u00bb body_text_align=\u00bbleft\u00bb body_font_size=\u00bb20px\u00bb body_line_height=\u00bb1.8em\u00bb background_enable_color=\u00bboff\u00bb text_orientation=\u00bbleft\u00bb custom_padding=\u00bb0px||0px|||\u00bb header_text_align_tablet=\u00bbcenter\u00bb header_text_align_phone=\u00bb\u00bb header_text_align_last_edited=\u00bbon|desktop\u00bb header_font_size_tablet=\u00bb40px\u00bb header_font_size_phone=\u00bb35px\u00bb header_font_size_last_edited=\u00bbon|phone\u00bb header_line_height_tablet=\u00bb1.4em\u00bb header_line_height_phone=\u00bb\u00bb header_line_height_last_edited=\u00bbon|tablet\u00bb body_text_align_tablet=\u00bbcenter\u00bb body_text_align_phone=\u00bb\u00bb body_text_align_last_edited=\u00bbon|desktop\u00bb body_font_size_tablet=\u00bb22px\u00bb body_font_size_phone=\u00bb18px\u00bb body_font_size_last_edited=\u00bbon|phone\u00bb header_text_shadow_style=\u00bbpreset2&#8243; body_text_shadow_style=\u00bbpreset2&#8243; global_colors_info=\u00bb{}\u00bb]<\/p>\n<p>&nbsp;<\/p>\n<p>\u00d3rgano Oficial de la <em>Asociaci\u00f3n Argentina de Anatom\u00eda<\/em><\/p>\n<p>[\/et_pb_cta][et_pb_image src=\u00bbhttps:\/\/www.revista-anatomia.com.ar\/wp-content\/uploads\/2024\/06\/logos-AAA-1.png\u00bb title_text=\u00bbAsociacion Argentina de Anatomia\u00bb url=\u00bbhttps:\/\/www.anatomia-argentina.org.ar\u00bb url_new_window=\u00bbon\u00bb align_tablet=\u00bbcenter\u00bb align_phone=\u00bb\u00bb align_last_edited=\u00bbon|tablet\u00bb _builder_version=\u00bb4.27.3&#8243; width_tablet=\u00bb85%\u00bb width_phone=\u00bb\u00bb width_last_edited=\u00bbon|phone\u00bb custom_margin=\u00bb|||63px|false|false\u00bb custom_margin_tablet=\u00bb50px|auto|0px|auto|false|false\u00bb custom_margin_phone=\u00bb\u00bb custom_margin_last_edited=\u00bbon|tablet\u00bb custom_padding=\u00bb||||false|false\u00bb box_shadow_style=\u00bbpreset2&#8243; box_shadow_blur=\u00bb7px\u00bb global_colors_info=\u00bb{}\u00bb transform_styles__hover_enabled=\u00bbon|hover\u00bb transform_scale__hover_enabled=\u00bbon|hover\u00bb transform_translate__hover_enabled=\u00bbon|desktop\u00bb transform_rotate__hover_enabled=\u00bbon|desktop\u00bb transform_skew__hover_enabled=\u00bbon|desktop\u00bb transform_origin__hover_enabled=\u00bbon|desktop\u00bb][\/et_pb_image][\/et_pb_column][\/et_pb_row][\/et_pb_section][et_pb_section fb_built=\u00bb1&#8243; inner_shadow=\u00bbon\u00bb _builder_version=\u00bb4.16&#8243; background_image=\u00bbhttps:\/\/www.revista-anatomia.com.ar\/wp-content\/uploads\/2020\/02\/fondo.png\u00bb background_size=\u00bbinitial\u00bb background_repeat=\u00bbrepeat\u00bb background_blend=\u00bbmultiply\u00bb custom_padding=\u00bb10px||65px|||\u00bb global_colors_info=\u00bb{}\u00bb][et_pb_row _builder_version=\u00bb4.16&#8243; global_colors_info=\u00bb{}\u00bb][et_pb_column type=\u00bb4_4&#8243; _builder_version=\u00bb4.16&#8243; global_colors_info=\u00bb{}\u00bb][et_pb_text _builder_version=\u00bb4.16&#8243; header_text_align=\u00bbcenter\u00bb header_text_color=\u00bb#6c6d6b\u00bb header_2_font=\u00bb|600|||||||\u00bb header_2_text_align=\u00bbcenter\u00bb header_2_text_color=\u00bb#959991&#8243; header_font_size_tablet=\u00bb24px\u00bb header_font_size_phone=\u00bb\u00bb header_font_size_last_edited=\u00bbon|phone\u00bb header_2_font_size_tablet=\u00bb\u00bb header_2_font_size_phone=\u00bb20px\u00bb header_2_font_size_last_edited=\u00bbon|phone\u00bb header_text_shadow_style=\u00bbpreset2&#8243; global_colors_info=\u00bb{}\u00bb]<\/p>\n<h2>Publicaciones m\u00e1s recientes<\/h2>\n<p>[\/et_pb_text][\/et_pb_column][\/et_pb_row][et_pb_row column_structure=\u00bb1_4,1_4,1_4,1_4&#8243; module_class=\u00bbdos-columnas\u00bb _builder_version=\u00bb4.17.4&#8243; width=\u00bb60%\u00bb width_tablet=\u00bb80%\u00bb width_phone=\u00bb80%\u00bb width_last_edited=\u00bbon|desktop\u00bb custom_padding=\u00bb13px||24px|||\u00bb global_colors_info=\u00bb{}\u00bb][et_pb_column type=\u00bb1_4&#8243; _builder_version=\u00bb4.16&#8243; global_colors_info=\u00bb{}\u00bb][et_pb_image src=\u00bbhttps:\/\/www.revista-anatomia.com.ar\/wp-content\/uploads\/2025\/12\/2025-2.jpg\u00bb alt=\u00bbportada Revista Argentina de Anatomia Online 2025 Vol. XVI N\u00ba 2&#8243; title_text=\u00bbRevista Argentina de Anatomia Online 2025 Vol. XVI N\u00ba 2&#8243; url=\u00bbhttps:\/\/www.revista-anatomia.com.ar\/archivo-2025\/#2025_2&#8243; use_overlay=\u00bbon\u00bb hover_overlay_color=\u00bbrgba(255,255,255,0.6)\u00bb align=\u00bbcenter\u00bb _builder_version=\u00bb4.27.5&#8243; max_width_tablet=\u00bb\u00bb max_width_phone=\u00bb75%\u00bb max_width_last_edited=\u00bbon|phone\u00bb module_alignment=\u00bbcenter\u00bb border_width_all=\u00bb1px\u00bb border_color_all=\u00bb#a39f9f\u00bb box_shadow_style=\u00bbpreset2&#8243; box_shadow_blur=\u00bb6px\u00bb locked=\u00bboff\u00bb global_colors_info=\u00bb{}\u00bb transform_styles__hover_enabled=\u00bbon|hover\u00bb transform_scale__hover_enabled=\u00bbon|hover\u00bb transform_translate__hover_enabled=\u00bbon|desktop\u00bb transform_rotate__hover_enabled=\u00bbon|desktop\u00bb transform_skew__hover_enabled=\u00bbon|desktop\u00bb transform_origin__hover_enabled=\u00bbon|desktop\u00bb transform_scale__hover=\u00bb110%|110%\u00bb][\/et_pb_image][\/et_pb_column][et_pb_column type=\u00bb1_4&#8243; _builder_version=\u00bb4.16&#8243; global_colors_info=\u00bb{}\u00bb][et_pb_image src=\u00bbhttps:\/\/www.revista-anatomia.com.ar\/wp-content\/uploads\/2025\/04\/2025-1-1.jpg\u00bb alt=\u00bbportada Revista Argentina de Anatomia Online 2023 Vol. XIV N\u00ba 3&#8243; title_text=\u00bbRevista Argentina de Anatomia Online 2023 Vol. XIV N\u00ba 3&#8243; url=\u00bbhttps:\/\/www.revista-anatomia.com.ar\/archivo-2025\/#2025_1&#8243; use_overlay=\u00bbon\u00bb hover_overlay_color=\u00bbrgba(255,255,255,0.6)\u00bb align=\u00bbcenter\u00bb _builder_version=\u00bb4.27.4&#8243; max_width_tablet=\u00bb\u00bb max_width_phone=\u00bb75%\u00bb max_width_last_edited=\u00bbon|phone\u00bb module_alignment=\u00bbcenter\u00bb border_width_all=\u00bb1px\u00bb border_color_all=\u00bb#a39f9f\u00bb box_shadow_style=\u00bbpreset2&#8243; box_shadow_blur=\u00bb6px\u00bb locked=\u00bboff\u00bb global_colors_info=\u00bb{}\u00bb transform_styles__hover_enabled=\u00bbon|hover\u00bb transform_scale__hover_enabled=\u00bbon|hover\u00bb transform_translate__hover_enabled=\u00bbon|desktop\u00bb transform_rotate__hover_enabled=\u00bbon|desktop\u00bb transform_skew__hover_enabled=\u00bbon|desktop\u00bb transform_origin__hover_enabled=\u00bbon|desktop\u00bb transform_scale__hover=\u00bb110%|110%\u00bb][\/et_pb_image][\/et_pb_column][et_pb_column type=\u00bb1_4&#8243; _builder_version=\u00bb4.16&#8243; global_colors_info=\u00bb{}\u00bb][et_pb_image src=\u00bbhttps:\/\/www.revista-anatomia.com.ar\/wp-content\/uploads\/2024\/11\/2024-3.jpg\u00bb alt=\u00bbPortada Revista Argentina de Anatomia Online 2024 Vol. XV N\u00ba 3&#8243; title_text=\u00bbRevista Argentina de Anatomia Online 2024 Vol. XV N\u00ba 3&#8243; url=\u00bbhttps:\/\/revista-anatomia.com.ar\/archivo-2024\/#2024_3&#8243; use_overlay=\u00bbon\u00bb hover_overlay_color=\u00bbrgba(255,255,255,0.6)\u00bb align=\u00bbcenter\u00bb _builder_version=\u00bb4.27.3&#8243; max_width_tablet=\u00bb\u00bb max_width_phone=\u00bb75%\u00bb max_width_last_edited=\u00bbon|phone\u00bb module_alignment=\u00bbcenter\u00bb border_width_all=\u00bb1px\u00bb border_color_all=\u00bb#a39f9f\u00bb box_shadow_style=\u00bbpreset2&#8243; box_shadow_blur=\u00bb6px\u00bb locked=\u00bboff\u00bb global_colors_info=\u00bb{}\u00bb transform_styles__hover_enabled=\u00bbon|hover\u00bb transform_scale__hover_enabled=\u00bbon|hover\u00bb transform_translate__hover_enabled=\u00bbon|desktop\u00bb transform_rotate__hover_enabled=\u00bbon|desktop\u00bb transform_skew__hover_enabled=\u00bbon|desktop\u00bb transform_origin__hover_enabled=\u00bbon|desktop\u00bb transform_scale__hover=\u00bb110%|110%\u00bb][\/et_pb_image][\/et_pb_column][et_pb_column type=\u00bb1_4&#8243; _builder_version=\u00bb4.16&#8243; global_colors_info=\u00bb{}\u00bb][et_pb_image src=\u00bbhttps:\/\/www.revista-anatomia.com.ar\/wp-content\/uploads\/2024\/07\/2024-2.jpg\u00bb alt=\u00bbportada Revista Argentina de Anatomia Online 2024 Vol. XV N\u00ba 1&#8243; title_text=\u00bbRevista Argentina de Anatomia Online 2024 Vol. XV N\u00ba 2&#8243; url=\u00bbhttps:\/\/revista-anatomia.com.ar\/archivo-2024\/#2024_2&#8243; use_overlay=\u00bbon\u00bb hover_overlay_color=\u00bbrgba(255,255,255,0.6)\u00bb align=\u00bbcenter\u00bb _builder_version=\u00bb4.27.3&#8243; max_width_tablet=\u00bb\u00bb max_width_phone=\u00bb75%\u00bb max_width_last_edited=\u00bbon|phone\u00bb module_alignment=\u00bbcenter\u00bb border_width_all=\u00bb1px\u00bb border_color_all=\u00bb#a39f9f\u00bb box_shadow_style=\u00bbpreset2&#8243; box_shadow_blur=\u00bb6px\u00bb locked=\u00bboff\u00bb global_colors_info=\u00bb{}\u00bb transform_styles__hover_enabled=\u00bbon|hover\u00bb transform_scale__hover_enabled=\u00bbon|hover\u00bb transform_translate__hover_enabled=\u00bbon|desktop\u00bb transform_rotate__hover_enabled=\u00bbon|desktop\u00bb transform_skew__hover_enabled=\u00bbon|desktop\u00bb transform_origin__hover_enabled=\u00bbon|desktop\u00bb transform_scale__hover=\u00bb110%|110%\u00bb][\/et_pb_image][\/et_pb_column][\/et_pb_row][\/et_pb_section][et_pb_section fb_built=\u00bb1&#8243; inner_shadow=\u00bbon\u00bb _builder_version=\u00bb4.16&#8243; background_color=\u00bb#003f54&#8243; background_image=\u00bbhttps:\/\/www.revista-anatomia.com.ar\/wp-content\/uploads\/2020\/02\/banner-publicar-1.jpg\u00bb min_height=\u00bb499px\u00bb custom_margin=\u00bb-2px|||||\u00bb custom_padding=\u00bb30px||0px||false|false\u00bb box_shadow_style=\u00bbpreset6&#8243; global_colors_info=\u00bb{}\u00bb][et_pb_row _builder_version=\u00bb4.16&#8243; custom_padding=\u00bb10px||13px|||\u00bb global_colors_info=\u00bb{}\u00bb][et_pb_column type=\u00bb4_4&#8243; _builder_version=\u00bb4.16&#8243; global_colors_info=\u00bb{}\u00bb][et_pb_cta title=\u00bb\u00bfQuiere publicar sus trabajos en nuestra revista?\u00bb button_url=\u00bbhttps:\/\/www.revista-anatomia.com.ar\/enviar-trabajos\/\u00bb button_text=\u00bb+ INFO\u00bb _builder_version=\u00bb4.16&#8243; header_level=\u00bbh3&#8243; header_text_color=\u00bb#ffffff\u00bb header_font_size=\u00bb36px\u00bb header_line_height=\u00bb1.5em\u00bb body_font_size=\u00bb20px\u00bb body_line_height=\u00bb2.1em\u00bb background_enable_color=\u00bboff\u00bb custom_button=\u00bbon\u00bb button_text_color=\u00bb#e09900&#8243; button_bg_color=\u00bbrgba(255,255,255,0.16)\u00bb button_border_radius=\u00bb14px\u00bb custom_padding=\u00bb19px||49px|||\u00bb header_font_size_tablet=\u00bb30px\u00bb header_font_size_phone=\u00bb26px\u00bb header_font_size_last_edited=\u00bbon|desktop\u00bb body_font_size_tablet=\u00bb\u00bb body_font_size_phone=\u00bb16px\u00bb body_font_size_last_edited=\u00bbon|phone\u00bb button_text_size_tablet=\u00bb\u00bb button_text_size_phone=\u00bb17px\u00bb button_text_size_last_edited=\u00bbon|phone\u00bb header_text_shadow_style=\u00bbpreset2&#8243; header_text_shadow_blur_strength=\u00bb0.06em\u00bb global_colors_info=\u00bb{}\u00bb]<\/p>\n<p>&nbsp;<\/p>\n<p>Lo invitamos a conocer las intrucciones para autores con los requisitos, normativas y costos para la publicaci\u00f3n de trabajos en <em><strong>Revista Argentina de Anatom\u00eda Online<\/strong><\/em><\/p>\n<p><em><strong><\/strong><\/em><\/p>\n<p><em><strong><\/strong><\/em><\/p>\n<p>[\/et_pb_cta][\/et_pb_column][\/et_pb_row][\/et_pb_section][et_pb_section fb_built=\u00bb1&#8243; inner_shadow=\u00bbon\u00bb _builder_version=\u00bb4.16&#8243; use_background_color_gradient=\u00bbon\u00bb background_color_gradient_stops=\u00bb#00719e 0%|#000000 100%\u00bb background_color_gradient_start=\u00bb#00719e\u00bb background_color_gradient_end=\u00bb#000000&#8243; custom_padding=\u00bb25px||11px|||\u00bb global_colors_info=\u00bb{}\u00bb][et_pb_row column_structure=\u00bb1_4,1_4,1_4,1_4&#8243; module_class=\u00bbdos-columnas\u00bb _builder_version=\u00bb4.17.4&#8243; custom_padding=\u00bb14px||10px|||\u00bb global_colors_info=\u00bb{}\u00bb][et_pb_column type=\u00bb1_4&#8243; _builder_version=\u00bb4.16&#8243; global_colors_info=\u00bb{}\u00bb][et_pb_blurb use_icon=\u00bbon\u00bb font_icon=\u00bb&#xe023;||divi||400&#8243; icon_color=\u00bb#e09900&#8243; image_icon_width=\u00bb40px\u00bb image_icon_width_tablet=\u00bb40px\u00bb image_icon_width_phone=\u00bb30px\u00bb image_icon_width_last_edited=\u00bbon|desktop\u00bb _builder_version=\u00bb4.16&#8243; header_font=\u00bb|700|||||||\u00bb header_text_align=\u00bbcenter\u00bb header_text_color=\u00bb#8a8e87&#8243; custom_margin=\u00bb||0px|||\u00bb header_text_shadow_style=\u00bbpreset2&#8243; icon_font_size=\u00bb40px\u00bb icon_font_size_tablet=\u00bb\u00bb icon_font_size_phone=\u00bb40px\u00bb icon_font_size_last_edited=\u00bbon|desktop\u00bb global_colors_info=\u00bb{}\u00bb][\/et_pb_blurb][et_pb_number_counter title=\u00bbA\u00f1os editando\u00bb number=\u00bb16&#8243; percent_sign=\u00bboff\u00bb _builder_version=\u00bb4.27.4&#8243; title_font=\u00bb|700|||||||\u00bb title_text_align=\u00bbcenter\u00bb title_text_color=\u00bb#878484&#8243; title_font_size=\u00bb20px\u00bb number_font=\u00bb||||||||\u00bb number_text_align=\u00bbcenter\u00bb number_text_color=\u00bb#878484&#8243; number_font_size=\u00bb50px\u00bb number_line_height=\u00bb60px\u00bb min_height=\u00bb152px\u00bb title_font_size_tablet=\u00bb\u00bb title_font_size_phone=\u00bb14px\u00bb title_font_size_last_edited=\u00bbon|phone\u00bb number_font_size_tablet=\u00bb\u00bb number_font_size_phone=\u00bb40px\u00bb number_font_size_last_edited=\u00bbon|desktop\u00bb title_text_shadow_style=\u00bbpreset2&#8243; number_text_shadow_style=\u00bbpreset2&#8243; number_text_shadow_blur_strength=\u00bb0.06em\u00bb locked=\u00bboff\u00bb global_colors_info=\u00bb{}\u00bb][\/et_pb_number_counter][\/et_pb_column][et_pb_column type=\u00bb1_4&#8243; _builder_version=\u00bb4.16&#8243; global_colors_info=\u00bb{}\u00bb][et_pb_blurb use_icon=\u00bbon\u00bb font_icon=\u00bb&#x69;||divi||400&#8243; icon_color=\u00bb#e09900&#8243; image_icon_width=\u00bb40px\u00bb image_icon_width_tablet=\u00bb40px\u00bb image_icon_width_phone=\u00bb30px\u00bb image_icon_width_last_edited=\u00bbon|desktop\u00bb _builder_version=\u00bb4.16&#8243; header_font=\u00bb|700|||||||\u00bb header_text_align=\u00bbcenter\u00bb header_text_color=\u00bb#8a8e87&#8243; custom_margin=\u00bb||0px|||\u00bb header_text_shadow_style=\u00bbpreset2&#8243; icon_font_size=\u00bb40px\u00bb icon_font_size_tablet=\u00bb\u00bb icon_font_size_phone=\u00bb40px\u00bb icon_font_size_last_edited=\u00bbon|desktop\u00bb locked=\u00bboff\u00bb global_colors_info=\u00bb{}\u00bb][\/et_pb_blurb][et_pb_number_counter title=\u00bbEdiciones publicadas\u00bb number=\u00bb61&#8243; percent_sign=\u00bboff\u00bb _builder_version=\u00bb4.27.5&#8243; title_font=\u00bb|700|||||||\u00bb title_text_align=\u00bbcenter\u00bb title_text_color=\u00bb#878484&#8243; title_font_size=\u00bb20px\u00bb number_font=\u00bb||||||||\u00bb number_text_align=\u00bbcenter\u00bb number_text_color=\u00bb#878484&#8243; number_font_size=\u00bb50px\u00bb number_line_height=\u00bb60px\u00bb min_height=\u00bb152px\u00bb hover_enabled=\u00bb0&#8243; title_font_size_tablet=\u00bb\u00bb title_font_size_phone=\u00bb14px\u00bb title_font_size_last_edited=\u00bbon|phone\u00bb number_font_size_tablet=\u00bb\u00bb number_font_size_phone=\u00bb40px\u00bb number_font_size_last_edited=\u00bbon|desktop\u00bb title_text_shadow_style=\u00bbpreset2&#8243; number_text_shadow_style=\u00bbpreset2&#8243; number_text_shadow_blur_strength=\u00bb0.06em\u00bb global_colors_info=\u00bb{}\u00bb sticky_enabled=\u00bb0&#8243;][\/et_pb_number_counter][\/et_pb_column][et_pb_column type=\u00bb1_4&#8243; _builder_version=\u00bb4.16&#8243; global_colors_info=\u00bb{}\u00bb][et_pb_blurb use_icon=\u00bbon\u00bb font_icon=\u00bb&#x6c;||divi||400&#8243; icon_color=\u00bb#e09900&#8243; image_icon_width=\u00bb40px\u00bb image_icon_width_tablet=\u00bb40px\u00bb image_icon_width_phone=\u00bb30px\u00bb image_icon_width_last_edited=\u00bbon|desktop\u00bb _builder_version=\u00bb4.17.4&#8243; header_font=\u00bb|700|||||||\u00bb header_text_align=\u00bbcenter\u00bb header_text_color=\u00bb#8a8e87&#8243; custom_margin=\u00bb||0px|||\u00bb header_text_shadow_style=\u00bbpreset2&#8243; icon_font_size=\u00bb40px\u00bb icon_font_size_tablet=\u00bb\u00bb icon_font_size_phone=\u00bb40px\u00bb icon_font_size_last_edited=\u00bbon|desktop\u00bb locked=\u00bboff\u00bb global_colors_info=\u00bb{}\u00bb][\/et_pb_blurb][et_pb_number_counter title=\u00bbArt\u00edculos publicados\u00bb number=\u00bb332&#8243; percent_sign=\u00bboff\u00bb _builder_version=\u00bb4.27.5&#8243; title_font=\u00bb|700|||||||\u00bb title_text_align=\u00bbcenter\u00bb title_text_color=\u00bb#878484&#8243; title_font_size=\u00bb20px\u00bb number_font=\u00bb||||||||\u00bb number_text_align=\u00bbcenter\u00bb number_text_color=\u00bb#878484&#8243; number_font_size=\u00bb50px\u00bb number_line_height=\u00bb60px\u00bb min_height=\u00bb152px\u00bb hover_enabled=\u00bb0&#8243; title_font_size_tablet=\u00bb\u00bb title_font_size_phone=\u00bb14px\u00bb title_font_size_last_edited=\u00bbon|phone\u00bb number_font_size_tablet=\u00bb\u00bb number_font_size_phone=\u00bb40px\u00bb number_font_size_last_edited=\u00bbon|desktop\u00bb title_text_shadow_style=\u00bbpreset2&#8243; number_text_shadow_style=\u00bbpreset2&#8243; number_text_shadow_blur_strength=\u00bb0.06em\u00bb locked=\u00bboff\u00bb global_colors_info=\u00bb{}\u00bb sticky_enabled=\u00bb0&#8243;][\/et_pb_number_counter][\/et_pb_column][et_pb_column type=\u00bb1_4&#8243; _builder_version=\u00bb4.16&#8243; global_colors_info=\u00bb{}\u00bb][et_pb_blurb use_icon=\u00bbon\u00bb font_icon=\u00bb&#xe106;||divi||400&#8243; icon_color=\u00bb#e09900&#8243; image_icon_width=\u00bb40px\u00bb image_icon_width_tablet=\u00bb40px\u00bb image_icon_width_phone=\u00bb30px\u00bb image_icon_width_last_edited=\u00bbon|desktop\u00bb _builder_version=\u00bb4.16&#8243; header_font=\u00bb|700|||||||\u00bb header_text_align=\u00bbcenter\u00bb header_text_color=\u00bb#8a8e87&#8243; custom_margin=\u00bb||0px|||\u00bb header_text_shadow_style=\u00bbpreset2&#8243; icon_font_size=\u00bb40px\u00bb icon_font_size_tablet=\u00bb\u00bb icon_font_size_phone=\u00bb40px\u00bb icon_font_size_last_edited=\u00bbon|desktop\u00bb locked=\u00bboff\u00bb global_colors_info=\u00bb{}\u00bb][\/et_pb_blurb][et_pb_number_counter title=\u00bbSeguidores\u00bb number=\u00bb11584&#8243; percent_sign=\u00bboff\u00bb _builder_version=\u00bb4.27.5&#8243; title_font=\u00bb|700|||||||\u00bb title_text_align=\u00bbcenter\u00bb title_text_color=\u00bb#878484&#8243; title_font_size=\u00bb20px\u00bb number_font=\u00bb||||||||\u00bb number_text_align=\u00bbcenter\u00bb number_text_color=\u00bb#878484&#8243; number_font_size=\u00bb50px\u00bb number_line_height=\u00bb60px\u00bb min_height=\u00bb152px\u00bb hover_enabled=\u00bb0&#8243; title_font_size_tablet=\u00bb\u00bb title_font_size_phone=\u00bb14px\u00bb title_font_size_last_edited=\u00bbon|phone\u00bb number_font_size_tablet=\u00bb\u00bb number_font_size_phone=\u00bb40px\u00bb number_font_size_last_edited=\u00bbon|desktop\u00bb title_text_shadow_style=\u00bbpreset2&#8243; number_text_shadow_style=\u00bbpreset2&#8243; number_text_shadow_blur_strength=\u00bb0.06em\u00bb locked=\u00bboff\u00bb global_colors_info=\u00bb{}\u00bb sticky_enabled=\u00bb0&#8243;][\/et_pb_number_counter][\/et_pb_column][\/et_pb_row][\/et_pb_section]<\/p>\n","protected":false},"excerpt":{"rendered":"<p>&nbsp; \u00d3rgano Oficial de la Asociaci\u00f3n Argentina de Anatom\u00edaPublicaciones m\u00e1s recientes&nbsp; Lo invitamos a conocer las intrucciones para autores con los requisitos, normativas y costos para la publicaci\u00f3n de trabajos en Revista Argentina de Anatom\u00eda Online<\/p>","protected":false},"author":2,"featured_media":1824,"parent":0,"menu_order":0,"comment_status":"closed","ping_status":"closed","template":"","meta":{"_et_pb_use_builder":"on","_et_pb_old_content":"","_et_gb_content_width":"","footnotes":""},"class_list":["post-1160","page","type-page","status-publish","has-post-thumbnail","hentry"],"_links":{"self":[{"href":"https:\/\/www.revista-anatomia.com.ar\/en\/wp-json\/wp\/v2\/pages\/1160","targetHints":{"allow":["GET"]}}],"collection":[{"href":"https:\/\/www.revista-anatomia.com.ar\/en\/wp-json\/wp\/v2\/pages"}],"about":[{"href":"https:\/\/www.revista-anatomia.com.ar\/en\/wp-json\/wp\/v2\/types\/page"}],"author":[{"embeddable":true,"href":"https:\/\/www.revista-anatomia.com.ar\/en\/wp-json\/wp\/v2\/users\/2"}],"replies":[{"embeddable":true,"href":"https:\/\/www.revista-anatomia.com.ar\/en\/wp-json\/wp\/v2\/comments?post=1160"}],"version-history":[{"count":24,"href":"https:\/\/www.revista-anatomia.com.ar\/en\/wp-json\/wp\/v2\/pages\/1160\/revisions"}],"predecessor-version":[{"id":1918,"href":"https:\/\/www.revista-anatomia.com.ar\/en\/wp-json\/wp\/v2\/pages\/1160\/revisions\/1918"}],"wp:featuredmedia":[{"embeddable":true,"href":"https:\/\/www.revista-anatomia.com.ar\/en\/wp-json\/wp\/v2\/media\/1824"}],"wp:attachment":[{"href":"https:\/\/www.revista-anatomia.com.ar\/en\/wp-json\/wp\/v2\/media?parent=1160"}],"curies":[{"name":"wp","href":"https:\/\/api.w.org\/{rel}","templated":true}]}}